{"id":1127,"date":"2022-08-10T15:44:43","date_gmt":"2022-08-10T19:44:43","guid":{"rendered":"https:\/\/chezparee.ca\/?page_id=1127"},"modified":"2025-11-11T09:07:44","modified_gmt":"2025-11-11T14:07:44","slug":"menu","status":"publish","type":"page","link":"https:\/\/chezparee.ca\/en\/menu\/","title":{"rendered":"Menu"},"content":{"rendered":"<style>\r\n\tbody {\r\n\t\tbackground-color: #000;\r\n\t\tcolor: #fff;\r\n\t\tfont-family: 'Open Sans', sans-serif;\r\n\t}\r\n\t.container-grid-container {\r\n\t\tdisplay: grid;\r\n\t\tgrid-template-columns: repeat(2, 1fr);\r\n\t\tgrid-gap: 25px;\r\n\t}\r\n\t.container-grid-item {\r\n\t\tpadding: 0 0 50px 0;\r\n\t}\r\n\t.grid-container {\r\n\t\tdisplay: grid;\r\n\t\tgrid-template-columns: 50% 25% 25%;\r\n\t\twidth: 512px;\r\n\t\tmax-width: 90vw;\r\n\t}\r\n\t.grid-item {\r\n\t\tpadding: 2px;\r\n\t\tjustify-self: right;\r\n\t\tfont-size:  18px;\r\n\t}\r\n\t.drinks .grid-item:nth-child(3n-2) {\r\n\t\tjustify-self: unset;\r\n\t}\r\n\t.dances {\r\n\t\tmargin: auto;\r\n\t}\r\n\t.dances .grid-item:nth-child(3n-1),\r\n\t.bottles .grid-item:nth-child(3n-1) {\r\n\t\tjustify-self: unset;\r\n\t}\r\n\t.top-row {\r\n\t\tfont-size: 14px;\r\n\t\ttext-align: center;\r\n\t\tpadding: 0 0 15px 0;\r\n\t}\r\n\t.fancy {\r\n\t\tfont-family: 'Alex Brush', cursive;\r\n\t\tfont-style: italic;\r\n\t\tfont-weight: normal;\r\n\t\ttext-transform: none;\r\n\t\tcolor: #b98b3c;\r\n\t\tfont-size: 30px;\r\n\t}\r\n\t.heading {\r\n\t\tfont-family: 'Playfair Display', serif;\r\n\t\tfont-size: 24px;\r\n\t\ttext-transform: uppercase;\r\n\t\tcolor: #b98b3c;\r\n\t\tfont-weight: bold;\r\n\t\tpadding: 15px 0 0 0;\r\n\t}\r\n\t.heading .fancy {\r\n\t\tfont-family: 'Alex Brush', cursive;\r\n\t\tfont-size: 48px;\r\n\t}\r\n\t.big {\r\n\t\tfont-family: 'Alex Brush', cursive;\r\n\t\ttext-transform: none;\r\n\t\tfont-weight: normal;\r\n\t\tfont-size: 64px;\r\n\t}\r\n@media only screen and (max-width: 479px) {\r\n\t.container-grid-container {\r\n\t\tgrid-template-columns: repeat(1, 1fr);\r\n\t}\r\n\t.grid-item {\r\n\t\tfont-size:  16px;\r\n\t}\r\n\t.bottles .grid-item:nth-child(3n-1) {\r\n\t\tjustify-self: unset;\r\n\t}\r\n\t.fancy {\r\n\t\tfont-size: 24px;\r\n\t}\r\n\t.heading {\r\n\t\tfont-size: 24px;\r\n\t}\r\n\t.heading .fancy {\r\n\t\tfont-size: 32px;\r\n\t}\r\n\t.big {\r\n\t\tfont-size: 48px;\r\n\t}\r\n}\r\n<\/style>\r\n<article>\r\n\r\n\t<div class=\"grid-item\">Admission<\/div><div class=\"grid-item\">10,00 $<\/div><div class=\"grid-item\"><\/div>\r\n\r\n\t<div class=\"heading fancy big\" style=\"text-align:center; padding:0 0 13px 0;\">Bottles<\/div>\r\n\t<div class=\"container-grid-container\">\r\n\t\t<div class=\"container-grid-item\">\r\n\t\t\t<div class=\"grid-container drinks\">\r\n\t\t\t\t<div class=\"grid-item heading\">VODKA <\/div><div class=\"grid-item\"><\/div><div class=\"grid-item\"><\/div>\r\n\t\t\t\t<div class=\"grid-item\">Grey Goose <span style=\"font-size:smaller;\">750 ml<\/span><\/div><div class=\"grid-item\">315 $<\/div><div class=\"grid-item\"><\/div>\r\n\t\t\t\t<div class=\"grid-item\"><span style=\"font-size:smaller;padding-left:102px;\">375 ml<\/span><\/div><div class=\"grid-item\">190 $<\/div><div class=\"grid-item\"><\/div>\r\n\t\t\t\t<div class=\"grid-item heading\">GIN<\/div><div class=\"grid-item\"><\/div><div class=\"grid-item\"><\/div>\r\n\t\t\t\t<div class=\"grid-item\">Bombay <span style=\"font-size:smaller;\">1,14 L<\/span><\/div><div class=\"grid-item\">460 $<\/div><div class=\"grid-item\"><\/div>\r\n\t\t\t\t<div class=\"grid-item\">Tanqueray <span style=\"font-size:smaller;\">1,14 L<\/span><\/div><div class=\"grid-item\">430 $<\/div><div class=\"grid-item\"><\/div>\r\n\t\t\t\t<div class=\"grid-item heading\">RHUM<\/div><div class=\"grid-item\"><\/div><div class=\"grid-item\"><\/div>\r\n\t\t\t\t<div class=\"grid-item\">Bacardi <span style=\"font-size:smaller;\">1,14 L<\/span><\/div><div class=\"grid-item\">430 $<\/div><div class=\"grid-item\"><\/div>\r\n\t\t\t\t<div class=\"grid-item heading\"><nobr>COGNAC <span style=\"font-family:'Open Sans';font-weight:normal;text-transform:none;font-size: 18px;\">R\u00e9my Martin<\/span><\/nobr><\/div><div class=\"grid-item\"><\/div><div class=\"grid-item\"><\/div>\r\n\t\t\t\t<div class=\"grid-item\">VSOP <span style=\"font-size:smaller;\">750 ml<\/span><\/div><div class=\"grid-item\">435 $<\/div><div class=\"grid-item\"><\/div>\r\n\t\t\t\t<div class=\"grid-item\">XO <span style=\"font-size:smaller;\">750 ml<\/span><\/div><div class=\"grid-item\">740 $<\/div><div class=\"grid-item\"><\/div>\r\n\t\t\t<\/div>\r\n\t\t<\/div>\r\n\t\t<div class=\"container-grid-item\">\r\n\t\t\t<div class=\"grid-container\">\r\n\t\t\t\t<div class=\"grid-item heading\">CHAMPAGNE<\/div><div class=\"grid-item\"><\/div><div class=\"grid-item\"><\/div>\r\n\t\t\t\t<div class=\"grid-item\"><\/div><div class=\"grid-item top-row\">R\u00e9gulier<\/div><div class=\"grid-item top-row\">Lundi<\/div>\r\n\t\t\t\t<div class=\"grid-item\">Tattinger <\/div><div class=\"grid-item\">310 $<\/div><div class=\"grid-item\">280 $<\/div>\r\n\t\t\t\t<div class=\"grid-item\">Mo\u00ebt Premium Ice<\/div><div class=\"grid-item\">500 $<\/div><div class=\"grid-item\">450 $<\/div>\r\n\t\t\t\t<div class=\"grid-item\">Dom P\u00e9rignon <\/div><div class=\"grid-item\">800 $<\/div><div class=\"grid-item\">720 $<\/div>\r\n\t\t\t\t<div class=\"grid-item\">Cristal <\/div><div class=\"grid-item\">995 $<\/div><div class=\"grid-item\">895 $<\/div>\r\n\t\t\t\t<div class=\"grid-item heading\">SCOTCH <\/div><div class=\"grid-item\"><\/div><div class=\"grid-item\"><\/div>\r\n\t\t\t\t<div class=\"grid-item\">J.Walker Blue <span style=\"font-size:smaller;\">750 ml<\/span><\/div><div class=\"grid-item\">740 $<\/div><div class=\"grid-item\"><\/div>\r\n\t\t\t\t<div class=\"grid-item\">J.Walker Black <span style=\"font-size:smaller;\">1,14 L<\/span><\/div><div class=\"grid-item\">460 $<\/div><div class=\"grid-item\"><\/div>\r\n\t\t\t\t<div class=\"grid-item\">J.Walker Red <span style=\"font-size:smaller;\">1,14 L<\/span><\/div><div class=\"grid-item\">390 $<\/div><div class=\"grid-item\"><\/div>\r\n\t\t\t<\/div>\r\n\t\t<\/div>\r\n\t<\/div>\r\n\t<div class=\"heading fancy big\" style=\"text-align:center; padding:0 0 13px 0;\">Drinks<\/div>\r\n\t<div class=\"container-grid-container\">\r\n\t\t<div class=\"container-grid-item\">\r\n\t\t\t<div class=\"grid-container drinks\">\r\n\t\t\t\t<div class=\"grid-item\"><\/div><div class=\"grid-item top-row\">R\u00e9gulier<\/div><div class=\"grid-item top-row\"><\/div>\r\n\t\t\t\t<div class=\"grid-item\">Jus, Eau, Liqueur<\/div><div class=\"grid-item\">11,50 $<\/div><div class=\"grid-item\"><\/div>\r\n\t\t\t\t<div class=\"grid-item\">Bi\u00e8re<\/div><div class=\"grid-item\">12,50 $<\/div><div class=\"grid-item\"><\/div>\r\n\t\t\t\t<div class=\"grid-item\">Bi\u00e8re import\u00e9e<\/div><div class=\"grid-item\">14,00 $<\/div><div class=\"grid-item\"><\/div>\r\n\t\t\t\t<div class=\"grid-item\">Shooter<\/div><div class=\"grid-item\">11,50 $<\/div><div class=\"grid-item\"><\/div>\r\n\t\t\t\t<div class=\"grid-item\">Fort Bar<\/div><div class=\"grid-item\">15,25 $<\/div><div class=\"grid-item\"><\/div>\r\n\t\t\t\t<div class=\"grid-item\">Six-Pack<\/div><div class=\"grid-item\">64,00 $<\/div><div class=\"grid-item\"><\/div>\r\n\t\t\t\t<div class=\"grid-item\">Smirnoff Ice\/Rev<\/div><div class=\"grid-item\">15,75 $<\/div><div class=\"grid-item\"><\/div>\r\n\t\t\t\t<div class=\"grid-item\">Gr. Marnier\/VS<\/div><div class=\"grid-item\">16,25 $<\/div><div class=\"grid-item\"><\/div>\r\n                                <div class=\"grid-item\">Casamigos Reposado<\/div><div class=\"grid-item\">21,50 $<\/div><div class=\"grid-item\"><\/div>\r\n\t\t\t\t<div class=\"grid-item\">Cognac, Scotch, Grey&nbsp;Goose<\/div><div class=\"grid-item\">16,25 $<\/div><div class=\"grid-item\"><\/div>\r\n\t\t\t\t<div class=\"grid-item\">VSOP, Cognac, Scotch<\/div><div class=\"grid-item\">19,50 $<\/div><div class=\"grid-item\"><\/div>\r\n\t\t\t\t<div class=\"grid-item\">XO, J.Walker Blue<\/div><div class=\"grid-item\">36,50 $<\/div><div class=\"grid-item\"><\/div>\r\n\t\t\t\t<div class=\"grid-item\">Foreplay<\/div><div class=\"grid-item\">79,00 $<\/div><div class=\"grid-item\"><\/div>\r\n\t\t\t\t<div class=\"grid-item\">Mixte<\/div><div class=\"grid-item\">15,75 $<\/div><div class=\"grid-item\"><\/div>\r\n\t\t\t\t<div class=\"grid-item\">Verre de vin<\/div><div class=\"grid-item\">12,50 $<\/div><div class=\"grid-item\"><\/div>\r\n\t\t\t\t<div class=\"grid-item\">Cellier<\/div><div class=\"grid-item\">19,00 $<\/div><div class=\"grid-item\"><\/div>\r\n\t\t\t\t<div class=\"grid-item\">Red Bull<br><i>Energy Drink, Sugarfree, Red Edition, Yellow Edition, Juneberry Edition &#038; Peach Edition<\/i><\/div><div class=\"grid-item\">12,50 $<\/div><div class=\"grid-item\"><\/div>\r\n\t\t\t\t<div class=\"grid-item\">4 Red Bull<\/div><div class=\"grid-item\">50,00 $<\/div><div class=\"grid-item\"><\/div>\r\n\t\t\t<\/div>\r\n\t\t<\/div>\r\n\t\t<div class=\"container-grid-item\">\r\n\t\t\t<div class=\"grid-container\">\r\n\t\t\t\t<img decoding=\"async\" src=\"\/wp-content\/uploads\/2024\/04\/RB_chalkcans_key3_white-scaled.webp\" style=\"display: block;width: 150%;height: auto;margin: auto;\">\r\n\t\t\t<\/div>\r\n\t\t<\/div>\r\n\t<\/div>\r\n\t<div class=\"container-grid-container\">\r\n\t\t<div class=\"container-grid-item\">\r\n\t\t\t<div class=\"grid-container dances\">\r\n\t\t\t\t<div class=\"grid-item heading\" style=\"padding:41px 0 0 0;grid-column: 1 \/ 4;justify-self: unset;text-align:center;\"><span class=\"fancy\">Section<\/span>&nbsp;&nbsp;VIP<\/div>\r\n\t\t\t\t<div class=\"grid-item\">Admission<\/div><div class=\"grid-item\">5,00 $<\/div><div class=\"grid-item\"><\/div>\r\n\t\t\t\t<div class=\"grid-item\">Loge\/Room <span style=\"font-size:smaller;\">Demi-heure<\/span><\/div><div class=\"grid-item\">50,00 $<\/div><div class=\"grid-item\"><\/div>\r\n\t\t\t\t<div class=\"grid-item fancy\" style=\"padding:40px 0 0 0\">Danse\/Dance<\/div><div class=\"grid-item top-row\" style=\"padding:40px 0 0 0\">Contact<\/div><div class=\"grid-item top-row\" style=\"padding:40px 0 0 0\">Sans contact<\/div>\r\n\t\t\t\t<div class=\"grid-item\">Chanson\/Song<\/div><div class=\"grid-item\">20,00 $<\/div><div class=\"grid-item\">10,00 $<\/div>\r\n\t\t\t\t<div class=\"grid-item\">Demi-heure\/Half-hour<\/div><div class=\"grid-item\">150,00 $<\/div><div class=\"grid-item\">75,00 $<\/div>\r\n\t\t\t\t<div class=\"grid-item\">Heure\/Hour<\/div><div class=\"grid-item\">300,00 $<\/div><div class=\"grid-item\">150,00 $<\/div>\r\n\t\t\t\t<div class=\"grid-item\">&nbsp;<\/div><div class=\"grid-item\"><\/div><div class=\"grid-item\"><\/div>\r\n\t\t\t<\/div>\r\n\t\t<\/div>\r\n\t<\/div>\r\n<\/article>","protected":false},"excerpt":{"rendered":"Admission10,00 $ Bottles VODKA Grey Goose 750 ml315 $ 375 ml190 $ GIN Bombay 1,14 L460 $ Tanqueray 1,14 L430 $ RHUM Bacardi 1,14 L430 $ COGNAC R\u00e9my Martin VSOP 750 ml435 $ XO 750 ml740 $ CHAMPAGNE R\u00e9gulierLundi Tattinger 310 $280 $ Mo\u00ebt Premium Ice500 $450 $ Dom P\u00e9rignon 800 $720 $ Cristal 995 [&hellip;]","protected":false},"author":1,"featured_media":0,"parent":0,"menu_order":0,"comment_status":"closed","ping_status":"closed","template":"","meta":{"_acf_changed":false,"footnotes":""},"class_list":["post-1127","page","type-page","status-publish","hentry"],"acf":[],"yoast_head":"<!-- This site is optimized with the Yoast SEO plugin v26.8 - https:\/\/yoast.com\/product\/yoast-seo-wordpress\/ -->\n<title>Menu - Chez Par\u00e9e<\/title>\n<meta name=\"robots\" content=\"index, follow, max-snippet:-1, max-image-preview:large, max-video-preview:-1\" \/>\n<link rel=\"canonical\" href=\"https:\/\/chezparee.ca\/en\/menu\/\" \/>\n<meta property=\"og:locale\" content=\"en_US\" \/>\n<meta property=\"og:type\" content=\"article\" \/>\n<meta property=\"og:title\" content=\"Menu - Chez Par\u00e9e\" \/>\n<meta property=\"og:description\" content=\"Admission10,00 $ Bottles VODKA Grey Goose 750 ml315 $ 375 ml190 $ GIN Bombay 1,14 L460 $ Tanqueray 1,14 L430 $ RHUM Bacardi 1,14 L430 $ COGNAC R\u00e9my Martin VSOP 750 ml435 $ XO 750 ml740 $ CHAMPAGNE R\u00e9gulierLundi Tattinger 310 $280 $ Mo\u00ebt Premium Ice500 $450 $ Dom P\u00e9rignon 800 $720 $ Cristal 995 [&hellip;]\" \/>\n<meta property=\"og:url\" content=\"https:\/\/chezparee.ca\/en\/menu\/\" \/>\n<meta property=\"og:site_name\" content=\"Chez Par\u00e9e\" \/>\n<meta property=\"article:modified_time\" content=\"2025-11-11T14:07:44+00:00\" \/>\n<meta name=\"twitter:card\" content=\"summary_large_image\" \/>\n<meta name=\"twitter:label1\" content=\"Est. reading time\" \/>\n\t<meta name=\"twitter:data1\" content=\"2 minutes\" \/>\n<script type=\"application\/ld+json\" class=\"yoast-schema-graph\">{\"@context\":\"https:\/\/schema.org\",\"@graph\":[{\"@type\":\"WebPage\",\"@id\":\"https:\/\/chezparee.ca\/en\/menu\/\",\"url\":\"https:\/\/chezparee.ca\/en\/menu\/\",\"name\":\"Menu - Chez Par\u00e9e\",\"isPartOf\":{\"@id\":\"https:\/\/chezparee.ca\/en\/#website\"},\"datePublished\":\"2022-08-10T19:44:43+00:00\",\"dateModified\":\"2025-11-11T14:07:44+00:00\",\"breadcrumb\":{\"@id\":\"https:\/\/chezparee.ca\/en\/menu\/#breadcrumb\"},\"inLanguage\":\"en-US\",\"potentialAction\":[{\"@type\":\"ReadAction\",\"target\":[\"https:\/\/chezparee.ca\/en\/menu\/\"]}]},{\"@type\":\"BreadcrumbList\",\"@id\":\"https:\/\/chezparee.ca\/en\/menu\/#breadcrumb\",\"itemListElement\":[{\"@type\":\"ListItem\",\"position\":1,\"name\":\"Home\",\"item\":\"https:\/\/chezparee.ca\/en\/\"},{\"@type\":\"ListItem\",\"position\":2,\"name\":\"Menu\"}]},{\"@type\":\"WebSite\",\"@id\":\"https:\/\/chezparee.ca\/en\/#website\",\"url\":\"https:\/\/chezparee.ca\/en\/\",\"name\":\"Chez Par\u00e9e\",\"description\":\"The No. 1 Gentlemen&#039;s Club in Montreal\",\"potentialAction\":[{\"@type\":\"SearchAction\",\"target\":{\"@type\":\"EntryPoint\",\"urlTemplate\":\"https:\/\/chezparee.ca\/en\/?s={search_term_string}\"},\"query-input\":{\"@type\":\"PropertyValueSpecification\",\"valueRequired\":true,\"valueName\":\"search_term_string\"}}],\"inLanguage\":\"en-US\"}]}<\/script>\n<!-- \/ Yoast SEO plugin. -->","yoast_head_json":{"title":"Menu - Chez Par\u00e9e","robots":{"index":"index","follow":"follow","max-snippet":"max-snippet:-1","max-image-preview":"max-image-preview:large","max-video-preview":"max-video-preview:-1"},"canonical":"https:\/\/chezparee.ca\/en\/menu\/","og_locale":"en_US","og_type":"article","og_title":"Menu - Chez Par\u00e9e","og_description":"Admission10,00 $ Bottles VODKA Grey Goose 750 ml315 $ 375 ml190 $ GIN Bombay 1,14 L460 $ Tanqueray 1,14 L430 $ RHUM Bacardi 1,14 L430 $ COGNAC R\u00e9my Martin VSOP 750 ml435 $ XO 750 ml740 $ CHAMPAGNE R\u00e9gulierLundi Tattinger 310 $280 $ Mo\u00ebt Premium Ice500 $450 $ Dom P\u00e9rignon 800 $720 $ Cristal 995 [&hellip;]","og_url":"https:\/\/chezparee.ca\/en\/menu\/","og_site_name":"Chez Par\u00e9e","article_modified_time":"2025-11-11T14:07:44+00:00","twitter_card":"summary_large_image","twitter_misc":{"Est. reading time":"2 minutes"},"schema":{"@context":"https:\/\/schema.org","@graph":[{"@type":"WebPage","@id":"https:\/\/chezparee.ca\/en\/menu\/","url":"https:\/\/chezparee.ca\/en\/menu\/","name":"Menu - Chez Par\u00e9e","isPartOf":{"@id":"https:\/\/chezparee.ca\/en\/#website"},"datePublished":"2022-08-10T19:44:43+00:00","dateModified":"2025-11-11T14:07:44+00:00","breadcrumb":{"@id":"https:\/\/chezparee.ca\/en\/menu\/#breadcrumb"},"inLanguage":"en-US","potentialAction":[{"@type":"ReadAction","target":["https:\/\/chezparee.ca\/en\/menu\/"]}]},{"@type":"BreadcrumbList","@id":"https:\/\/chezparee.ca\/en\/menu\/#breadcrumb","itemListElement":[{"@type":"ListItem","position":1,"name":"Home","item":"https:\/\/chezparee.ca\/en\/"},{"@type":"ListItem","position":2,"name":"Menu"}]},{"@type":"WebSite","@id":"https:\/\/chezparee.ca\/en\/#website","url":"https:\/\/chezparee.ca\/en\/","name":"Chez Par\u00e9e","description":"The No. 1 Gentlemen&#039;s Club in Montreal","potentialAction":[{"@type":"SearchAction","target":{"@type":"EntryPoint","urlTemplate":"https:\/\/chezparee.ca\/en\/?s={search_term_string}"},"query-input":{"@type":"PropertyValueSpecification","valueRequired":true,"valueName":"search_term_string"}}],"inLanguage":"en-US"}]}},"publishpress_future_action":{"enabled":false,"date":"2026-04-25 05:07:10","action":"change-status","newStatus":"draft","terms":[],"taxonomy":"translation_priority","extraData":[]},"publishpress_future_workflow_manual_trigger":{"enabledWorkflows":[]},"_links":{"self":[{"href":"https:\/\/chezparee.ca\/en\/wp-json\/wp\/v2\/pages\/1127","targetHints":{"allow":["GET"]}}],"collection":[{"href":"https:\/\/chezparee.ca\/en\/wp-json\/wp\/v2\/pages"}],"about":[{"href":"https:\/\/chezparee.ca\/en\/wp-json\/wp\/v2\/types\/page"}],"author":[{"embeddable":true,"href":"https:\/\/chezparee.ca\/en\/wp-json\/wp\/v2\/users\/1"}],"replies":[{"embeddable":true,"href":"https:\/\/chezparee.ca\/en\/wp-json\/wp\/v2\/comments?post=1127"}],"version-history":[{"count":47,"href":"https:\/\/chezparee.ca\/en\/wp-json\/wp\/v2\/pages\/1127\/revisions"}],"predecessor-version":[{"id":1342,"href":"https:\/\/chezparee.ca\/en\/wp-json\/wp\/v2\/pages\/1127\/revisions\/1342"}],"wp:attachment":[{"href":"https:\/\/chezparee.ca\/en\/wp-json\/wp\/v2\/media?parent=1127"}],"curies":[{"name":"wp","href":"https:\/\/api.w.org\/{rel}","templated":true}]}}