{"id":413,"date":"2018-11-21T13:04:35","date_gmt":"2018-11-21T18:04:35","guid":{"rendered":"https:\/\/chezparee.ca\/?page_id=413"},"modified":"2019-10-02T13:49:39","modified_gmt":"2019-10-02T17:49:39","slug":"contact-us","status":"publish","type":"page","link":"https:\/\/chezparee.ca\/en\/contact-us\/","title":{"rendered":"Contact Us"},"content":{"rendered":"\n<div class=\"\">\n\t<div class=\"col-contact\">\n\t\t<h3>Address<\/h3>\n\t\t<p>1258 Stanley<\/p>\n\t\t<p>Montr\u00e9al (Qu\u00e9bec) Canada H3B 2S7<\/p>\n\t<\/div>\n\n\t<div class=\"col-contact\">\n\t\t<a href=\"tel:514 866-0495\"><h3>Reservations<\/h3><\/a>\n\t\t<p><a href=\"tel:514 866-0495\">514 866-0495<\/a><\/p>\n\t\t<p><a href=\"mailto:chezparee@chezparee.ca\">chezparee@chezparee.ca<\/a><\/p>\n\t<\/div>\n\n\t<div style=\"clear:both;\">\n\n\t<div class=\"col-contact\">\n\t\t<div id=\"map\" style=\"width:100%;height:466px;margin: 15px 0 0 0;\"><\/div>\n\t<\/div>\n\n\t<div class=\"col-contact\">\n\t\t<h3>Write to us!<\/h3>\n\t\t\n<div class=\"wpcf7 no-js\" id=\"wpcf7-f886-o1\" lang=\"en-US\" dir=\"ltr\" data-wpcf7-id=\"886\">\n<div class=\"screen-reader-response\"><p role=\"status\" aria-live=\"polite\" aria-atomic=\"true\"><\/p> <ul><\/ul><\/div>\n<form action=\"\/en\/wp-json\/wp\/v2\/pages\/413#wpcf7-f886-o1\" method=\"post\" class=\"wpcf7-form init\" aria-label=\"Contact form\" novalidate=\"novalidate\" data-status=\"init\">\n<fieldset class=\"hidden-fields-container\"><input type=\"hidden\" name=\"_wpcf7\" value=\"886\" \/><input type=\"hidden\" name=\"_wpcf7_version\" value=\"6.1.4\" \/><input type=\"hidden\" name=\"_wpcf7_locale\" value=\"en_US\" \/><input type=\"hidden\" name=\"_wpcf7_unit_tag\" value=\"wpcf7-f886-o1\" \/><input type=\"hidden\" name=\"_wpcf7_container_post\" value=\"0\" \/><input type=\"hidden\" name=\"_wpcf7_posted_data_hash\" value=\"\" \/><input type=\"hidden\" name=\"_wpcf7_recaptcha_response\" value=\"\" \/>\n<\/fieldset>\n<p><span class=\"wpcf7-form-control-wrap\" data-name=\"prenom\"><input size=\"40\" maxlength=\"400\" class=\"wpcf7-form-control wpcf7-text wpcf7-validates-as-required\" aria-required=\"true\" aria-invalid=\"false\" placeholder=\"First Name *\" value=\"\" type=\"text\" name=\"prenom\" \/><\/span>\n<\/p>\n<p><span class=\"wpcf7-form-control-wrap\" data-name=\"nom\"><input size=\"40\" maxlength=\"400\" class=\"wpcf7-form-control wpcf7-text wpcf7-validates-as-required\" aria-required=\"true\" aria-invalid=\"false\" placeholder=\"Last Name *\" value=\"\" type=\"text\" name=\"nom\" \/><\/span>\n<\/p>\n<p><span class=\"wpcf7-form-control-wrap\" data-name=\"email\"><input size=\"40\" maxlength=\"400\" class=\"wpcf7-form-control wpcf7-email wpcf7-validates-as-required wpcf7-text wpcf7-validates-as-email\" aria-required=\"true\" aria-invalid=\"false\" placeholder=\"Email *\" value=\"\" type=\"email\" name=\"email\" \/><\/span>\n<\/p>\n<p><span id=\"wpcf7-69e16a1c27819-wrapper\" class=\"wpcf7-form-control-wrap fname-wrap\" style=\"display:none !important; visibility:hidden !important;\"><label for=\"wpcf7-69e16a1c27819-field\" class=\"hp-message\">Please leave this field empty.<\/label><input id=\"wpcf7-69e16a1c27819-field\"  placeholder=\"Name\"  class=\"wpcf7-form-control wpcf7-text\" type=\"text\" name=\"fname\" value=\"\" size=\"40\" tabindex=\"-1\" autocomplete=\"new-password\" \/><\/span>\n<\/p>\n<p><span class=\"wpcf7-form-control-wrap\" data-name=\"message\"><textarea cols=\"40\" rows=\"10\" maxlength=\"2000\" class=\"wpcf7-form-control wpcf7-textarea\" aria-invalid=\"false\" placeholder=\"Message\" name=\"message\"><\/textarea><\/span>\n<\/p>\n<p><input class=\"wpcf7-form-control wpcf7-submit has-spinner\" type=\"submit\" value=\"Send\" \/>\n<\/p><div class=\"wpcf7-response-output\" aria-hidden=\"true\"><\/div>\n<\/form>\n<\/div>\n\n\t<\/div>\n<\/div>\n\n<script>\nmapStyle=[\n  {\n    \"elementType\": \"geometry\",\n    \"stylers\": [\n      {\n        \"color\": \"#212121\"\n      }\n    ]\n  },\n  {\n    \"elementType\": \"labels.icon\",\n    \"stylers\": [\n      {\n        \"visibility\": \"off\"\n      }\n    ]\n  },\n  {\n    \"elementType\": \"labels.text.fill\",\n    \"stylers\": [\n      {\n        \"color\": \"#757575\"\n      }\n    ]\n  },\n  {\n    \"elementType\": \"labels.text.stroke\",\n    \"stylers\": [\n      {\n        \"color\": \"#212121\"\n      }\n    ]\n  },\n  {\n    \"featureType\": \"administrative\",\n    \"elementType\": \"geometry\",\n    \"stylers\": [\n      {\n        \"color\": \"#757575\"\n      }\n    ]\n  },\n  {\n    \"featureType\": \"administrative.country\",\n    \"elementType\": \"labels.text.fill\",\n    \"stylers\": [\n      {\n        \"color\": \"#9e9e9e\"\n      }\n    ]\n  },\n  {\n    \"featureType\": \"administrative.land_parcel\",\n    \"stylers\": [\n      {\n        \"visibility\": \"off\"\n      }\n    ]\n  },\n  {\n    \"featureType\": \"administrative.locality\",\n    \"elementType\": \"labels.text.fill\",\n    \"stylers\": [\n      {\n        \"color\": \"#bdbdbd\"\n      }\n    ]\n  },\n  {\n    \"featureType\": \"poi\",\n    \"elementType\": \"labels.text.fill\",\n    \"stylers\": [\n      {\n        \"color\": \"#757575\"\n      }\n    ]\n  },\n  {\n    \"featureType\": \"poi.park\",\n    \"elementType\": \"geometry\",\n    \"stylers\": [\n      {\n        \"color\": \"#181818\"\n      }\n    ]\n  },\n  {\n    \"featureType\": \"poi.park\",\n    \"elementType\": \"labels.text.fill\",\n    \"stylers\": [\n      {\n        \"color\": \"#616161\"\n      }\n    ]\n  },\n  {\n    \"featureType\": \"poi.park\",\n    \"elementType\": \"labels.text.stroke\",\n    \"stylers\": [\n      {\n        \"color\": \"#1b1b1b\"\n      }\n    ]\n  },\n  {\n    \"featureType\": \"road\",\n    \"elementType\": \"geometry.fill\",\n    \"stylers\": [\n      {\n        \"color\": \"#2c2c2c\"\n      }\n    ]\n  },\n  {\n    \"featureType\": \"road\",\n    \"elementType\": \"labels.text.fill\",\n    \"stylers\": [\n      {\n        \"color\": \"#8a8a8a\"\n      }\n    ]\n  },\n  {\n    \"featureType\": \"road.arterial\",\n    \"elementType\": \"geometry\",\n    \"stylers\": [\n      {\n        \"color\": \"#373737\"\n      }\n    ]\n  },\n  {\n    \"featureType\": \"road.highway\",\n    \"elementType\": \"geometry\",\n    \"stylers\": [\n      {\n        \"color\": \"#3c3c3c\"\n      }\n    ]\n  },\n  {\n    \"featureType\": \"road.highway.controlled_access\",\n    \"elementType\": \"geometry\",\n    \"stylers\": [\n      {\n        \"color\": \"#4e4e4e\"\n      }\n    ]\n  },\n  {\n    \"featureType\": \"road.local\",\n    \"elementType\": \"labels.text.fill\",\n    \"stylers\": [\n      {\n        \"color\": \"#616161\"\n      }\n    ]\n  },\n  {\n    \"featureType\": \"transit\",\n    \"elementType\": \"labels.text.fill\",\n    \"stylers\": [\n      {\n        \"color\": \"#757575\"\n      }\n    ]\n  },\n  {\n    \"featureType\": \"water\",\n    \"elementType\": \"geometry\",\n    \"stylers\": [\n      {\n        \"color\": \"#000000\"\n      }\n    ]\n  },\n  {\n    \"featureType\": \"water\",\n    \"elementType\": \"labels.text.fill\",\n    \"stylers\": [\n      {\n        \"color\": \"#3d3d3d\"\n      }\n    ]\n  }\n]\n\nfunction initMap() {\n  var chezparee = {lat: 45.499003, lng: -73.572971};\n  var map = new google.maps.Map(\n      document.getElementById('map'), {\n      \tzoom: 15,\n      \tcenter: chezparee,\n      \tstyles: mapStyle,\n      \tdisableDefaultUI: true\n      });\n  var marker = new google.maps.Marker({position: chezparee, icon: 'https:\/\/chezparee.rinaldistaging.com\/wp-content\/uploads\/2019\/09\/map-marker.png', map: map});\n}\n<\/script>\n\n<script async defer src=\"https:\/\/maps.googleapis.com\/maps\/api\/js?key=AIzaSyCm-9KuQHOTLg8FFIWILvSmchQey62C9tk&#038;callback=initMap\"><\/script>\n","protected":false},"excerpt":{"rendered":"Address 1258 Stanley Montr\u00e9al (Qu\u00e9bec) Canada H3B 2S7 Reservations 514 866-0495 chezparee@chezparee.ca Write to us!","protected":false},"author":1,"featured_media":0,"parent":0,"menu_order":0,"comment_status":"closed","ping_status":"closed","template":"Job.php","meta":{"_acf_changed":false,"footnotes":""},"class_list":["post-413","page","type-page","status-publish","hentry"],"acf":[],"yoast_head":"<!-- This site is optimized with the Yoast SEO plugin v26.8 - https:\/\/yoast.com\/product\/yoast-seo-wordpress\/ -->\n<title>Contact Us - Chez Par\u00e9e<\/title>\n<meta name=\"robots\" content=\"index, follow, max-snippet:-1, max-image-preview:large, max-video-preview:-1\" \/>\n<link rel=\"canonical\" href=\"https:\/\/chezparee.ca\/en\/contact-us\/\" \/>\n<meta property=\"og:locale\" content=\"en_US\" \/>\n<meta property=\"og:type\" content=\"article\" \/>\n<meta property=\"og:title\" content=\"Contact Us - Chez Par\u00e9e\" \/>\n<meta property=\"og:description\" content=\"Address 1258 Stanley Montr\u00e9al (Qu\u00e9bec) Canada H3B 2S7 Reservations 514 866-0495 chezparee@chezparee.ca Write to us!\" \/>\n<meta property=\"og:url\" content=\"https:\/\/chezparee.ca\/en\/contact-us\/\" \/>\n<meta property=\"og:site_name\" content=\"Chez Par\u00e9e\" \/>\n<meta property=\"article:modified_time\" content=\"2019-10-02T17:49:39+00:00\" \/>\n<meta name=\"twitter:card\" content=\"summary_large_image\" \/>\n<script type=\"application\/ld+json\" class=\"yoast-schema-graph\">{\"@context\":\"https:\/\/schema.org\",\"@graph\":[{\"@type\":\"WebPage\",\"@id\":\"https:\/\/chezparee.ca\/en\/contact-us\/\",\"url\":\"https:\/\/chezparee.ca\/en\/contact-us\/\",\"name\":\"Contact Us - Chez Par\u00e9e\",\"isPartOf\":{\"@id\":\"https:\/\/chezparee.ca\/en\/#website\"},\"datePublished\":\"2018-11-21T18:04:35+00:00\",\"dateModified\":\"2019-10-02T17:49:39+00:00\",\"breadcrumb\":{\"@id\":\"https:\/\/chezparee.ca\/en\/contact-us\/#breadcrumb\"},\"inLanguage\":\"en-US\",\"potentialAction\":[{\"@type\":\"ReadAction\",\"target\":[\"https:\/\/chezparee.ca\/en\/contact-us\/\"]}]},{\"@type\":\"BreadcrumbList\",\"@id\":\"https:\/\/chezparee.ca\/en\/contact-us\/#breadcrumb\",\"itemListElement\":[{\"@type\":\"ListItem\",\"position\":1,\"name\":\"Home\",\"item\":\"https:\/\/chezparee.ca\/en\/\"},{\"@type\":\"ListItem\",\"position\":2,\"name\":\"Contact Us\"}]},{\"@type\":\"WebSite\",\"@id\":\"https:\/\/chezparee.ca\/en\/#website\",\"url\":\"https:\/\/chezparee.ca\/en\/\",\"name\":\"Chez Par\u00e9e\",\"description\":\"The No. 1 Gentlemen&#039;s Club in Montreal\",\"potentialAction\":[{\"@type\":\"SearchAction\",\"target\":{\"@type\":\"EntryPoint\",\"urlTemplate\":\"https:\/\/chezparee.ca\/en\/?s={search_term_string}\"},\"query-input\":{\"@type\":\"PropertyValueSpecification\",\"valueRequired\":true,\"valueName\":\"search_term_string\"}}],\"inLanguage\":\"en-US\"}]}<\/script>\n<!-- \/ Yoast SEO plugin. -->","yoast_head_json":{"title":"Contact Us - Chez Par\u00e9e","robots":{"index":"index","follow":"follow","max-snippet":"max-snippet:-1","max-image-preview":"max-image-preview:large","max-video-preview":"max-video-preview:-1"},"canonical":"https:\/\/chezparee.ca\/en\/contact-us\/","og_locale":"en_US","og_type":"article","og_title":"Contact Us - Chez Par\u00e9e","og_description":"Address 1258 Stanley Montr\u00e9al (Qu\u00e9bec) Canada H3B 2S7 Reservations 514 866-0495 chezparee@chezparee.ca Write to us!","og_url":"https:\/\/chezparee.ca\/en\/contact-us\/","og_site_name":"Chez Par\u00e9e","article_modified_time":"2019-10-02T17:49:39+00:00","twitter_card":"summary_large_image","schema":{"@context":"https:\/\/schema.org","@graph":[{"@type":"WebPage","@id":"https:\/\/chezparee.ca\/en\/contact-us\/","url":"https:\/\/chezparee.ca\/en\/contact-us\/","name":"Contact Us - Chez Par\u00e9e","isPartOf":{"@id":"https:\/\/chezparee.ca\/en\/#website"},"datePublished":"2018-11-21T18:04:35+00:00","dateModified":"2019-10-02T17:49:39+00:00","breadcrumb":{"@id":"https:\/\/chezparee.ca\/en\/contact-us\/#breadcrumb"},"inLanguage":"en-US","potentialAction":[{"@type":"ReadAction","target":["https:\/\/chezparee.ca\/en\/contact-us\/"]}]},{"@type":"BreadcrumbList","@id":"https:\/\/chezparee.ca\/en\/contact-us\/#breadcrumb","itemListElement":[{"@type":"ListItem","position":1,"name":"Home","item":"https:\/\/chezparee.ca\/en\/"},{"@type":"ListItem","position":2,"name":"Contact Us"}]},{"@type":"WebSite","@id":"https:\/\/chezparee.ca\/en\/#website","url":"https:\/\/chezparee.ca\/en\/","name":"Chez Par\u00e9e","description":"The No. 1 Gentlemen&#039;s Club in Montreal","potentialAction":[{"@type":"SearchAction","target":{"@type":"EntryPoint","urlTemplate":"https:\/\/chezparee.ca\/en\/?s={search_term_string}"},"query-input":{"@type":"PropertyValueSpecification","valueRequired":true,"valueName":"search_term_string"}}],"inLanguage":"en-US"}]}},"publishpress_future_action":{"enabled":false,"date":"2026-04-23 19:00:44","action":"change-status","newStatus":"draft","terms":[],"taxonomy":"translation_priority","extraData":[]},"publishpress_future_workflow_manual_trigger":{"enabledWorkflows":[]},"_links":{"self":[{"href":"https:\/\/chezparee.ca\/en\/wp-json\/wp\/v2\/pages\/413","targetHints":{"allow":["GET"]}}],"collection":[{"href":"https:\/\/chezparee.ca\/en\/wp-json\/wp\/v2\/pages"}],"about":[{"href":"https:\/\/chezparee.ca\/en\/wp-json\/wp\/v2\/types\/page"}],"author":[{"embeddable":true,"href":"https:\/\/chezparee.ca\/en\/wp-json\/wp\/v2\/users\/1"}],"replies":[{"embeddable":true,"href":"https:\/\/chezparee.ca\/en\/wp-json\/wp\/v2\/comments?post=413"}],"version-history":[{"count":0,"href":"https:\/\/chezparee.ca\/en\/wp-json\/wp\/v2\/pages\/413\/revisions"}],"wp:attachment":[{"href":"https:\/\/chezparee.ca\/en\/wp-json\/wp\/v2\/media?parent=413"}],"curies":[{"name":"wp","href":"https:\/\/api.w.org\/{rel}","templated":true}]}}