{"id":564,"date":"2019-05-23T17:34:20","date_gmt":"2019-05-23T21:34:20","guid":{"rendered":"https:\/\/chezparee.rinaldistaging.com\/?page_id=564"},"modified":"2019-09-16T13:49:17","modified_gmt":"2019-09-16T17:49:17","slug":"opportunites-demploi","status":"publish","type":"page","link":"https:\/\/chezparee.ca\/fr\/opportunites-demploi\/","title":{"rendered":"Opportunit\u00e9s d\u2019emploi"},"content":{"rendered":"Une bonne pr\u00e9paration et une capacit\u00e9 \u00e0 saisir les opportunit\u00e9s sont les cl\u00e9s du succ\u00e8s. Pensez-vous \u00eatre pr\u00eate?\nNe soyez pas g\u00ean\u00e9e. Si vous \u00eates en forme et que la perspective de danser dans un club vous para\u00eet agr\u00e9able,\npeut-\u00eatre Chez Par\u00e9e est-il l&rsquo;endroit pour vous.\n\n&nbsp;\n\nLa section Club Chez Par\u00e9e offre des conditions de travail aussi excellentes que gratifiantes aux jeunes femmes talentueuses. Il y a aussi notre salon priv\u00e9 avec danses contact; le choix est enti\u00e8rement le v\u00f4tre. Chez Par\u00e9e est un club sans contact.\n\n&nbsp;\n\n\n<div class=\"wpcf7 no-js\" id=\"wpcf7-f566-o1\" lang=\"en-US\" dir=\"ltr\" data-wpcf7-id=\"566\">\n<div class=\"screen-reader-response\"><p role=\"status\" aria-live=\"polite\" aria-atomic=\"true\"><\/p> <ul><\/ul><\/div>\n<form action=\"\/fr\/wp-json\/wp\/v2\/pages\/564#wpcf7-f566-o1\" method=\"post\" class=\"wpcf7-form init\" aria-label=\"Contact form\" enctype=\"multipart\/form-data\" novalidate=\"novalidate\" data-status=\"init\">\n<fieldset class=\"hidden-fields-container\"><input type=\"hidden\" name=\"_wpcf7\" value=\"566\" \/><input type=\"hidden\" name=\"_wpcf7_version\" value=\"6.1.4\" \/><input type=\"hidden\" name=\"_wpcf7_locale\" value=\"en_US\" \/><input type=\"hidden\" name=\"_wpcf7_unit_tag\" value=\"wpcf7-f566-o1\" \/><input type=\"hidden\" name=\"_wpcf7_container_post\" value=\"0\" \/><input type=\"hidden\" name=\"_wpcf7_posted_data_hash\" value=\"\" \/><input type=\"hidden\" name=\"_wpcf7_recaptcha_response\" value=\"\" \/>\n<\/fieldset>\n<p><span class=\"wpcf7-form-control-wrap\" data-name=\"prenom\"><input size=\"40\" maxlength=\"400\" class=\"wpcf7-form-control wpcf7-text wpcf7-validates-as-required\" aria-required=\"true\" aria-invalid=\"false\" placeholder=\"Pr\u00e9nom *\" value=\"\" type=\"text\" name=\"prenom\" \/><\/span>\n<\/p>\n<p><span class=\"wpcf7-form-control-wrap\" data-name=\"nom\"><input size=\"40\" maxlength=\"400\" class=\"wpcf7-form-control wpcf7-text wpcf7-validates-as-required\" aria-required=\"true\" aria-invalid=\"false\" placeholder=\"Nom *\" value=\"\" type=\"text\" name=\"nom\" \/><\/span>\n<\/p>\n<p><span class=\"wpcf7-form-control-wrap\" data-name=\"email\"><input size=\"40\" maxlength=\"400\" class=\"wpcf7-form-control wpcf7-email wpcf7-validates-as-required wpcf7-text wpcf7-validates-as-email\" aria-required=\"true\" aria-invalid=\"false\" placeholder=\"Courriel *\" value=\"\" type=\"email\" name=\"email\" \/><\/span>\n<\/p>\n<p><span id=\"wpcf7-6a05865758cd2-wrapper\" class=\"wpcf7-form-control-wrap address-wrap\" style=\"display:none !important; visibility:hidden !important;\"><label for=\"wpcf7-6a05865758cd2-field\" class=\"hp-message\">Please leave this field empty.<\/label><input id=\"wpcf7-6a05865758cd2-field\"  class=\"wpcf7-form-control wpcf7-text\" type=\"text\" name=\"address\" value=\"\" size=\"40\" tabindex=\"-1\" autocomplete=\"new-password\" \/><\/span>\n<\/p>\n<p><i>* champs obligatoires<\/i>\n<\/p>\n<p id=\"cv\">Curriculum vitae: <span class=\"wpcf7-form-control-wrap\" data-name=\"cv\"><input size=\"40\" class=\"wpcf7-form-control wpcf7-file\" accept=\"video\/*,image\/*,.txt,.pdf,.doc,.docx,.xls,.xlsx,.odf\" aria-invalid=\"false\" type=\"file\" name=\"cv\" \/><\/span>\n<\/p>\n<p id=\"photos\">Photo: <span class=\"wpcf7-form-control-wrap\" data-name=\"photos\"><input size=\"40\" class=\"wpcf7-form-control wpcf7-file\" accept=\"video\/*,image\/*,.txt,.pdf,.doc,.docx,.xls,.xlsx,.odf\" aria-invalid=\"false\" type=\"file\" name=\"photos\" \/><\/span>\n<\/p>\n<p><span class=\"wpcf7-form-control-wrap\" data-name=\"message\"><textarea cols=\"40\" rows=\"10\" maxlength=\"2000\" class=\"wpcf7-form-control wpcf7-textarea\" aria-invalid=\"false\" placeholder=\"Message\" name=\"message\"><\/textarea><\/span>\n<\/p>\n<p><input class=\"wpcf7-form-control wpcf7-submit has-spinner\" type=\"submit\" value=\"Envoyer\" \/>\n<\/p><div class=\"wpcf7-response-output\" aria-hidden=\"true\"><\/div>\n<\/form>\n<\/div>\n","protected":false},"excerpt":{"rendered":"Une bonne pr\u00e9paration et une capacit\u00e9 \u00e0 saisir les opportunit\u00e9s sont les cl\u00e9s du succ\u00e8s. Pensez-vous \u00eatre pr\u00eate? Ne soyez pas g\u00ean\u00e9e. Si vous \u00eates en forme et que la perspective de danser dans un club vous para\u00eet agr\u00e9able, peut-\u00eatre Chez Par\u00e9e est-il l&rsquo;endroit pour vous. &nbsp; La section Club Chez Par\u00e9e offre des conditions [&hellip;]","protected":false},"author":1,"featured_media":0,"parent":0,"menu_order":0,"comment_status":"closed","ping_status":"closed","template":"Job.php","meta":{"_acf_changed":false,"footnotes":""},"class_list":["post-564","page","type-page","status-publish","hentry"],"acf":[],"yoast_head":"<!-- This site is optimized with the Yoast SEO plugin v26.8 - https:\/\/yoast.com\/product\/yoast-seo-wordpress\/ -->\n<title>Opportunit\u00e9s d\u2019emploi - Chez Par\u00e9e<\/title>\n<meta name=\"robots\" content=\"index, follow, max-snippet:-1, max-image-preview:large, max-video-preview:-1\" \/>\n<link rel=\"canonical\" href=\"https:\/\/chezparee.ca\/fr\/opportunites-demploi\/\" \/>\n<meta property=\"og:locale\" content=\"fr_FR\" \/>\n<meta property=\"og:type\" content=\"article\" \/>\n<meta property=\"og:title\" content=\"Opportunit\u00e9s d\u2019emploi - Chez Par\u00e9e\" \/>\n<meta property=\"og:description\" content=\"Une bonne pr\u00e9paration et une capacit\u00e9 \u00e0 saisir les opportunit\u00e9s sont les cl\u00e9s du succ\u00e8s. Pensez-vous \u00eatre pr\u00eate? Ne soyez pas g\u00ean\u00e9e. Si vous \u00eates en forme et que la perspective de danser dans un club vous para\u00eet agr\u00e9able, peut-\u00eatre Chez Par\u00e9e est-il l&rsquo;endroit pour vous. &nbsp; La section Club Chez Par\u00e9e offre des conditions [&hellip;]\" \/>\n<meta property=\"og:url\" content=\"https:\/\/chezparee.ca\/fr\/opportunites-demploi\/\" \/>\n<meta property=\"og:site_name\" content=\"Chez Par\u00e9e\" \/>\n<meta property=\"article:modified_time\" content=\"2019-09-16T17:49:17+00:00\" \/>\n<meta name=\"twitter:card\" content=\"summary_large_image\" \/>\n<meta name=\"twitter:label1\" content=\"Dur\u00e9e de lecture estim\u00e9e\" \/>\n\t<meta name=\"twitter:data1\" content=\"1 minute\" \/>\n<script type=\"application\/ld+json\" class=\"yoast-schema-graph\">{\"@context\":\"https:\/\/schema.org\",\"@graph\":[{\"@type\":\"WebPage\",\"@id\":\"https:\/\/chezparee.ca\/fr\/opportunites-demploi\/\",\"url\":\"https:\/\/chezparee.ca\/fr\/opportunites-demploi\/\",\"name\":\"Opportunit\u00e9s d\u2019emploi - Chez Par\u00e9e\",\"isPartOf\":{\"@id\":\"https:\/\/chezparee.ca\/fr\/#website\"},\"datePublished\":\"2019-05-23T21:34:20+00:00\",\"dateModified\":\"2019-09-16T17:49:17+00:00\",\"breadcrumb\":{\"@id\":\"https:\/\/chezparee.ca\/fr\/opportunites-demploi\/#breadcrumb\"},\"inLanguage\":\"fr-FR\",\"potentialAction\":[{\"@type\":\"ReadAction\",\"target\":[\"https:\/\/chezparee.ca\/fr\/opportunites-demploi\/\"]}]},{\"@type\":\"BreadcrumbList\",\"@id\":\"https:\/\/chezparee.ca\/fr\/opportunites-demploi\/#breadcrumb\",\"itemListElement\":[{\"@type\":\"ListItem\",\"position\":1,\"name\":\"Home\",\"item\":\"https:\/\/chezparee.ca\/fr\/\"},{\"@type\":\"ListItem\",\"position\":2,\"name\":\"Opportunit\u00e9s d\u2019emploi\"}]},{\"@type\":\"WebSite\",\"@id\":\"https:\/\/chezparee.ca\/fr\/#website\",\"url\":\"https:\/\/chezparee.ca\/fr\/\",\"name\":\"Chez Par\u00e9e\",\"description\":\"The No. 1 Gentlemen&#039;s Club in Montreal\",\"potentialAction\":[{\"@type\":\"SearchAction\",\"target\":{\"@type\":\"EntryPoint\",\"urlTemplate\":\"https:\/\/chezparee.ca\/fr\/?s={search_term_string}\"},\"query-input\":{\"@type\":\"PropertyValueSpecification\",\"valueRequired\":true,\"valueName\":\"search_term_string\"}}],\"inLanguage\":\"fr-FR\"}]}<\/script>\n<!-- \/ Yoast SEO plugin. -->","yoast_head_json":{"title":"Opportunit\u00e9s d\u2019emploi - Chez Par\u00e9e","robots":{"index":"index","follow":"follow","max-snippet":"max-snippet:-1","max-image-preview":"max-image-preview:large","max-video-preview":"max-video-preview:-1"},"canonical":"https:\/\/chezparee.ca\/fr\/opportunites-demploi\/","og_locale":"fr_FR","og_type":"article","og_title":"Opportunit\u00e9s d\u2019emploi - Chez Par\u00e9e","og_description":"Une bonne pr\u00e9paration et une capacit\u00e9 \u00e0 saisir les opportunit\u00e9s sont les cl\u00e9s du succ\u00e8s. Pensez-vous \u00eatre pr\u00eate? Ne soyez pas g\u00ean\u00e9e. Si vous \u00eates en forme et que la perspective de danser dans un club vous para\u00eet agr\u00e9able, peut-\u00eatre Chez Par\u00e9e est-il l&rsquo;endroit pour vous. &nbsp; La section Club Chez Par\u00e9e offre des conditions [&hellip;]","og_url":"https:\/\/chezparee.ca\/fr\/opportunites-demploi\/","og_site_name":"Chez Par\u00e9e","article_modified_time":"2019-09-16T17:49:17+00:00","twitter_card":"summary_large_image","twitter_misc":{"Dur\u00e9e de lecture estim\u00e9e":"1 minute"},"schema":{"@context":"https:\/\/schema.org","@graph":[{"@type":"WebPage","@id":"https:\/\/chezparee.ca\/fr\/opportunites-demploi\/","url":"https:\/\/chezparee.ca\/fr\/opportunites-demploi\/","name":"Opportunit\u00e9s d\u2019emploi - Chez Par\u00e9e","isPartOf":{"@id":"https:\/\/chezparee.ca\/fr\/#website"},"datePublished":"2019-05-23T21:34:20+00:00","dateModified":"2019-09-16T17:49:17+00:00","breadcrumb":{"@id":"https:\/\/chezparee.ca\/fr\/opportunites-demploi\/#breadcrumb"},"inLanguage":"fr-FR","potentialAction":[{"@type":"ReadAction","target":["https:\/\/chezparee.ca\/fr\/opportunites-demploi\/"]}]},{"@type":"BreadcrumbList","@id":"https:\/\/chezparee.ca\/fr\/opportunites-demploi\/#breadcrumb","itemListElement":[{"@type":"ListItem","position":1,"name":"Home","item":"https:\/\/chezparee.ca\/fr\/"},{"@type":"ListItem","position":2,"name":"Opportunit\u00e9s d\u2019emploi"}]},{"@type":"WebSite","@id":"https:\/\/chezparee.ca\/fr\/#website","url":"https:\/\/chezparee.ca\/fr\/","name":"Chez Par\u00e9e","description":"The No. 1 Gentlemen&#039;s Club in Montreal","potentialAction":[{"@type":"SearchAction","target":{"@type":"EntryPoint","urlTemplate":"https:\/\/chezparee.ca\/fr\/?s={search_term_string}"},"query-input":{"@type":"PropertyValueSpecification","valueRequired":true,"valueName":"search_term_string"}}],"inLanguage":"fr-FR"}]}},"publishpress_future_action":{"enabled":false,"date":"2026-05-21 04:22:47","action":"change-status","newStatus":"draft","terms":[],"taxonomy":"translation_priority","extraData":[]},"publishpress_future_workflow_manual_trigger":{"enabledWorkflows":[]},"_links":{"self":[{"href":"https:\/\/chezparee.ca\/fr\/wp-json\/wp\/v2\/pages\/564","targetHints":{"allow":["GET"]}}],"collection":[{"href":"https:\/\/chezparee.ca\/fr\/wp-json\/wp\/v2\/pages"}],"about":[{"href":"https:\/\/chezparee.ca\/fr\/wp-json\/wp\/v2\/types\/page"}],"author":[{"embeddable":true,"href":"https:\/\/chezparee.ca\/fr\/wp-json\/wp\/v2\/users\/1"}],"replies":[{"embeddable":true,"href":"https:\/\/chezparee.ca\/fr\/wp-json\/wp\/v2\/comments?post=564"}],"version-history":[{"count":0,"href":"https:\/\/chezparee.ca\/fr\/wp-json\/wp\/v2\/pages\/564\/revisions"}],"wp:attachment":[{"href":"https:\/\/chezparee.ca\/fr\/wp-json\/wp\/v2\/media?parent=564"}],"curies":[{"name":"wp","href":"https:\/\/api.w.org\/{rel}","templated":true}]}}